{"id":104,"date":"2016-04-11T15:47:41","date_gmt":"2016-04-11T13:47:41","guid":{"rendered":"http:\/\/kuenkler-malerei.de\/?page_id=104"},"modified":"2024-02-16T15:50:01","modified_gmt":"2024-02-16T14:50:01","slug":"kontakt","status":"publish","type":"page","link":"https:\/\/kuenkler-malerei.de\/?page_id=104","title":{"rendered":"Datenschutz\/Impressum"},"content":{"rendered":"<p><span style=\"font-family: Arial, serif;\"><b>1. Datenschutzerkl\u00e4rung<\/b><\/span><\/p>\n<p><span style=\"font-family: Arial, serif;\"><b>Allgemeiner Hinweis und Pflichtinformationen<\/b><\/span><\/p>\n<p><span style=\"font-family: Arial, serif;\"><b>Benennung der verantwortlichen Stelle<br \/>\n<\/b><\/span><span style=\"font-family: Arial, serif;\">Die verantwortliche Stelle f\u00fcr die Datenverarbeitung auf dieser Website ist:<\/span><\/p>\n<p><span style=\"font-family: Arial, serif;\">Martin K\u00fcnkler<br \/>\nKameruner Str. 1<br \/>\n13351 Berlin<br \/>\nmartinkuenkler(at)web.de<\/span><\/p>\n<p><span style=\"font-family: Arial, serif;\">Die verantwortliche Stelle entscheidet allein \u00fcber die Zwecke und Mittel der Verarbeitung von personenbezogenen Daten (z.B. Namen, Kontaktdaten o. \u00c4.).<\/span><\/p>\n<p><span style=\"font-family: Arial, serif;\"><b>Widerruf Ihrer Einwilligung zur Datenverarbeitung<br \/>\n<\/b><\/span><span style=\"font-family: Arial, serif;\">Nur mit Ihrer ausdr\u00fccklichen Einwilligung sind einige Vorg\u00e4nge der Datenverarbeitung m\u00f6glich. Ein Widerruf Ihrer bereits erteilten Einwilligung ist jederzeit m\u00f6glich. F\u00fcr den Widerruf gen\u00fcgt eine formlose Mitteilung per E-Mail. Die Rechtm\u00e4\u00dfigkeit der bis zum Widerruf erfolgten Datenverarbeitung bleibt vom Widerruf unber\u00fchrt.<\/span><\/p>\n<p><span style=\"font-family: Arial, serif;\"><b>Recht auf Beschwerde bei der zust\u00e4ndigen Aufsichtsbeh\u00f6rde<br \/>\n<\/b><\/span><span style=\"font-family: Arial, serif;\">Als Betroffener steht Ihnen im Falle eines datenschutzrechtlichen Versto\u00dfes ein Beschwerderecht bei der zust\u00e4ndigen Aufsichtsbeh\u00f6rde zu. Zust\u00e4ndige Aufsichtsbeh\u00f6rde bez\u00fcglich datenschutzrechtlicher Fragen ist der Landesdatenschutzbeauftragte des Landes Berlin. Der folgende Link stellt eine Liste der Datenschutzbeauftragten sowie deren Kontaktdaten bereit: <\/span><a href=\"https:\/\/www.bfdi.bund.de\/DE\/Infothek\/Anschriften_Links\/anschriften_links-node.html\"><span style=\"color: #0000ff;\"><span style=\"font-family: Arial, serif;\"><u>https:\/\/www.bfdi.bund.de\/DE\/Infothek\/Anschriften_Links\/anschriften_links-node.html<\/u><\/span><\/span><\/a><span style=\"font-family: Arial, serif;\">.<\/span><\/p>\n<p><span style=\"font-family: Arial, serif;\"><b>Recht auf Daten\u00fcbertragbarkeit<br \/>\n<\/b><\/span><span style=\"font-family: Arial, serif;\">Ihnen steht das Recht zu, Daten, die ich auf Grundlage Ihrer Einwilligung oder in Erf\u00fcllung eines Vertrags automatisiert verarbeiten, an sich oder an Dritte aush\u00e4ndigen zu lassen. Die Bereitstellung erfolgt in einem maschinenlesbaren Format. Sofern Sie die direkte \u00dcbertragung der Daten an einen anderen Verantwortlichen verlangen, erfolgt dies nur, soweit es technisch machbar ist.<\/span><\/p>\n<p><span style=\"font-family: Arial, serif;\"><b>Recht auf Auskunft, Berichtigung, Sperrung, L\u00f6schung<br \/>\n<\/b><\/span><span style=\"font-family: Arial, serif;\">Sie haben jederzeit im Rahmen der geltenden gesetzlichen Bestimmungen das Recht auf unentgeltliche Auskunft \u00fcber Ihre gespeicherten personenbezogenen Daten, Herkunft der Daten, deren Empf\u00e4nger und den Zweck der Datenverarbeitung und ggf. ein Recht auf Berichtigung, Sperrung oder L\u00f6schung dieser Daten. Diesbez\u00fcglich und auch zu weiteren Fragen zum Thema personenbezogene Daten k\u00f6nnen Sie sich jederzeit \u00fcber die im Impressum aufgef\u00fchrten Kontaktm\u00f6glichkeiten an uns wenden.<\/span><\/p>\n<p><span style=\"font-family: Arial, serif;\"><b>SSL- bzw. TLS-Verschl\u00fcsselung<br \/>\n<\/b><\/span><span style=\"font-family: Arial, serif;\">Aus Sicherheitsgr\u00fcnden und zum Schutz der \u00dcbertragung vertraulicher Inhalte, die Sie an uns als Seitenbetreiber senden, nutzt unsere Website eine SSL-bzw. TLS-Verschl\u00fcsselung. Damit sind Daten, die Sie \u00fcber diese Website \u00fcbermitteln, f\u00fcr Dritte nicht mitlesbar. Sie erkennen eine verschl\u00fcsselte Verbindung an der \u201ehttps:\/\/\u201c Adresszeile Ihres Browsers und am Schloss-Symbol in der Browserzeile.<\/span><\/p>\n<p><span style=\"font-family: Arial, serif;\"><b>Server-Log-Dateien<br \/>\n<\/b><\/span><span style=\"font-family: Arial, serif;\">In Server-Log-Dateien erhebt und speichert der Provider der Website automatisch Informationen, die Ihr Browser automatisch an uns \u00fcbermittelt. Dies sind:<\/span><\/p>\n<ul>\n<li><span style=\"font-family: Arial, serif;\">Besuchte Seite auf unserer Domain<\/span><\/li>\n<li><span style=\"font-family: Arial, serif;\">Datum und Uhrzeit der Serveranfrage<\/span><\/li>\n<li><span style=\"font-family: Arial, serif;\">Browsertyp und Browserversion<\/span><\/li>\n<li><span style=\"font-family: Arial, serif;\">Verwendetes Betriebssystem<\/span><\/li>\n<li><span style=\"font-family: Arial, serif;\">Referrer URL<\/span><\/li>\n<li><span style=\"font-family: Arial, serif;\">Hostname des zugreifenden Rechners<\/span><\/li>\n<li><span style=\"font-family: Arial, serif;\">IP-Adresse<\/span><\/li>\n<\/ul>\n<p><span style=\"font-family: Arial, serif;\">Es findet keine Zusammenf\u00fchrung dieser Daten mit anderen Datenquellen statt. Grundlage der Datenverarbeitung bildet Art. 6 Abs. 1 lit. b DSGVO, der die Verarbeitung von Daten zur Erf\u00fcllung eines Vertrags oder vorvertraglicher Ma\u00dfnahmen gestattet.<\/span><\/p>\n<p><span style=\"font-family: Arial, serif;\">Mein Provider Strato erkl\u00e4rt zu den Server-Log-Dateien:<br \/>\n<\/span><span style=\"font-family: Arial, serif;\"><i>\u201e<\/i><\/span><i>Log-Daten werden von unseren Servern auch erfasst, wenn Besucher Ihre Webseiten aufrufen. Folgende Log-Daten werden bei diesem Prozess erhoben: Kunden-Domain, Anonymisierte Client-IP, Request-Zeile, Timestamp, Status Code, Gr\u00f6\u00dfe des Response Bodies, Referer, der vom Client gesendet wurde, User Agent, der vom Client gesendet wurde, Remote User. Eine genauere Erl\u00e4uterung finden Sie hier: <\/i><a href=\"https:\/\/www.strato.de\/blog\/dsgvo-logfiles\/\"><span style=\"color: #0000ff;\"><i><u>Link <\/u><\/i><\/span><\/a><i>. Zur Erkennung von Angriffen speichern wir nicht anonymisierte IP-Adressen maximal sieben Tage. Danach werden sie unwiderruflich anonymisiert. Kunden k\u00f6nnen IP-Adressen jedoch ausschlie\u00dflich und dauerhaft anonymisiert einsehen. Wir st\u00fctzen uns dabei auf die Rechtsgrundlage der berechtigten Interessen, Art. 6 Abs. 1 lit. f DSGVO.\u201c<\/i><\/p>\n<p><span style=\"font-family: Arial, serif;\"><b>Daten\u00fcbermittlung bei Vertragsschluss f\u00fcr Warenkauf und Warenversand<br \/>\n<\/b><\/span><span style=\"font-family: Arial, serif;\">Personenbezogene Daten werden an Dritte nur \u00fcbermittelt, sofern eine Notwendigkeit im Rahmen der Vertragsabwicklung besteht. Dritte k\u00f6nnen beispielsweise Bezahldienstleister oder Logistikunternehmen sein. Eine weitergehende \u00dcbermittlung der Daten findet nicht statt bzw. nur dann, wenn Sie dieser ausdr\u00fccklich zugestimmt haben.<\/span><\/p>\n<p><span style=\"font-family: Arial, serif;\">Grundlage f\u00fcr die Datenverarbeitung ist Art. 6 Abs. 1 lit. b DSGVO, der die Verarbeitung von Daten zur Erf\u00fcllung eines Vertrags oder vorvertraglicher Ma\u00dfnahmen gestattet.<\/span><\/p>\n<p><span style=\"font-family: Arial, serif;\"><b>Kontaktformular<br \/>\n<\/b><\/span><span style=\"font-family: Arial, serif;\">Per Kontaktformular \u00fcbermittelte Daten werden einschlie\u00dflich Ihrer Kontaktdaten gespeichert, um Ihre Anfrage bearbeiten zu k\u00f6nnen oder um f\u00fcr Anschlussfragen bereitzustehen. Eine Weitergabe dieser Daten findet ohne Ihre Einwilligung nicht statt.<\/span><\/p>\n<p><span style=\"font-family: Arial, serif;\">Die Verarbeitung der in das Kontaktformular eingegebenen Daten erfolgt ausschlie\u00dflich auf Grundlage Ihrer Einwilligung (Art. 6 Abs. 1 lit. a DSGVO). Ein Widerruf Ihrer bereits erteilten Einwilligung ist jederzeit m\u00f6glich. F\u00fcr den Widerruf gen\u00fcgt eine formlose Mitteilung per E-Mail. Die Rechtm\u00e4\u00dfigkeit der bis zum Widerruf erfolgten Datenverarbeitungsvorg\u00e4nge bleibt vom Widerruf unber\u00fchrt.<\/span><\/p>\n<p><span style=\"font-family: Arial, serif;\">\u00dcber das Kontaktformular \u00fcbermittelte Daten verbleiben bei uns, bis Sie uns zur L\u00f6schung auffordern, Ihre Einwilligung zur Speicherung widerrufen oder keine Notwendigkeit der Datenspeicherung mehr besteht. Zwingende gesetzliche Bestimmungen &#8211; insbesondere Aufbewahrungsfristen &#8211; bleiben unber\u00fchrt.<\/span><\/p>\n<p><span style=\"font-family: Arial, serif;\"><b>Speicherdauer von Beitr\u00e4gen und Kommentaren<br \/>\n<\/b><\/span><span style=\"font-family: Arial, serif;\">Beitr\u00e4ge und Kommentare sowie damit in Verbindung stehende Daten, wie beispielsweise IP-Adressen, werden gespeichert. Der Inhalt verbleibt auf unserer Website, bis er vollst\u00e4ndig gel\u00f6scht wurde oder aus rechtlichen Gr\u00fcnden gel\u00f6scht werden musste.<\/span><\/p>\n<p><span style=\"font-family: Arial, serif;\">Die Speicherung der Beitr\u00e4ge und Kommentare erfolgt auf Grundlage Ihrer Einwilligung (Art. 6 Abs. 1 lit. a DSGVO). Ein Widerruf Ihrer bereits erteilten Einwilligung ist jederzeit m\u00f6glich. F\u00fcr den Widerruf gen\u00fcgt eine formlose Mitteilung per E-Mail. Die Rechtm\u00e4\u00dfigkeit bereits erfolgter Datenverarbeitungsvorg\u00e4nge bleibt vom Widerruf unber\u00fchrt.<\/span><\/p>\n<p><span style=\"font-family: Arial, serif;\">Quelle: Datenschutz-Konfigurator von <\/span><a href=\"https:\/\/www.mein-datenschutzbeauftragter.de\"><span style=\"color: #0000ff;\"><span style=\"font-family: Arial, serif;\"><u>Mein-Datenschutzbeauftragter.de<\/u><\/span><\/span><\/a><\/p>\n<p><span style=\"font-family: Arial, serif;\"><b>2. Impressum<\/b><\/span><\/p>\n<p><span style=\"font-family: Arial, serif;\">www.kuenkler-malerei.de<\/span><\/p>\n<p><span style=\"font-family: Arial, serif;\">Verantwortlich<\/span><\/p>\n<p><span style=\"font-family: Arial, serif;\">Martin K\u00fcnkler<\/span><\/p>\n<p><span style=\"font-family: Arial, serif;\">Kameruner Str. 51<\/span><\/p>\n<p><span style=\"font-family: Arial, serif;\">13351 Berlin<\/span><\/p>\n<p><span style=\"font-family: Arial, serif;\">martinkuenkler(at)web.de<\/span><\/p>\n<p><span style=\"font-family: Arial, serif;\">Tel.: 0151 \/ 21 22 59 44<\/span><\/p>\n<p><span style=\"font-family: Arial, serif;\">Redaktionssystem<\/span><\/p>\n<p><span style=\"font-family: Arial, serif;\">Die Webseite <a href=\"http:\/\/www.kuenkler-malerei.de\">www.kuenkler-malerei.de<\/a> wurde mit \u201ewordpress\u201c realisiert. <\/span><\/p>\n<p><span style=\"font-family: Arial, serif;\">Rechtshinweis<\/span><\/p>\n<p><span style=\"font-family: Arial, serif;\">Die Website enth\u00e4lt einige Hyperlinks zu anderen Websites Ich bin f\u00fcr den Inhalt der Websites, die aufgrund einer solchen Verbindung erreicht werden, nicht verantwortlich.<\/span><\/p>\n","protected":false},"excerpt":{"rendered":"<p>1. Datenschutzerkl\u00e4rung Allgemeiner Hinweis und Pflichtinformationen Benennung der verantwortlichen Stelle Die verantwortliche Stelle f\u00fcr die Datenverarbeitung auf dieser Website ist: Martin K\u00fcnkler Kameruner Str. 1 13351 Berlin martinkuenkler(at)web.de Die verantwortliche Stelle entscheidet allein \u00fcber die Zwecke und Mittel der Verarbeitung von personenbezogenen Daten (z.B. Namen, Kontaktdaten o. \u00c4.). Widerruf Ihrer Einwilligung zur Datenverarbeitung Nur mit [&hellip;]<\/p>\n","protected":false},"author":1,"featured_media":0,"parent":0,"menu_order":3,"comment_status":"closed","ping_status":"closed","template":"","meta":{"footnotes":""},"class_list":["post-104","page","type-page","status-publish","hentry"],"_links":{"self":[{"href":"https:\/\/kuenkler-malerei.de\/index.php?rest_route=\/wp\/v2\/pages\/104","targetHints":{"allow":["GET"]}}],"collection":[{"href":"https:\/\/kuenkler-malerei.de\/index.php?rest_route=\/wp\/v2\/pages"}],"about":[{"href":"https:\/\/kuenkler-malerei.de\/index.php?rest_route=\/wp\/v2\/types\/page"}],"author":[{"embeddable":true,"href":"https:\/\/kuenkler-malerei.de\/index.php?rest_route=\/wp\/v2\/users\/1"}],"replies":[{"embeddable":true,"href":"https:\/\/kuenkler-malerei.de\/index.php?rest_route=%2Fwp%2Fv2%2Fcomments&post=104"}],"version-history":[{"count":3,"href":"https:\/\/kuenkler-malerei.de\/index.php?rest_route=\/wp\/v2\/pages\/104\/revisions"}],"predecessor-version":[{"id":377,"href":"https:\/\/kuenkler-malerei.de\/index.php?rest_route=\/wp\/v2\/pages\/104\/revisions\/377"}],"wp:attachment":[{"href":"https:\/\/kuenkler-malerei.de\/index.php?rest_route=%2Fwp%2Fv2%2Fmedia&parent=104"}],"curies":[{"name":"wp","href":"https:\/\/api.w.org\/{rel}","templated":true}]}}