{"id":260,"date":"2016-04-27T11:59:38","date_gmt":"2016-04-27T09:59:38","guid":{"rendered":"http:\/\/kuenkler-malerei.de\/?page_id=260"},"modified":"2018-03-09T13:57:34","modified_gmt":"2018-03-09T12:57:34","slug":"hierueber","status":"publish","type":"page","link":"https:\/\/kuenkler-malerei.de\/?page_id=260","title":{"rendered":"Hier\u00fcber"},"content":{"rendered":"<p>\u00dcber diese Seite<br \/>\nBei Ausstellungen wurde ich \u00f6fter mal gefragt, ob man meine Bilder auch im Netz sp\u00e4ter noch einmal in Ruhe anschauen kann. Das war der Ansto\u00df f\u00fcr diese Seite. Und ja, da die Bilder k\u00e4uflich sind, ist die Seite nat\u00fcrlich auch eine Werbe- und Verkaufsma\u00dfnahme. Die Fotos d\u00fcrfen f\u00fcr nicht kommerzielle Zwecke geklaut und auf eigenen Internetseiten verwendet werden, sofern es einen Quellenhinweis und einen Link auf diese Seite hier gibt. Andere Verwendungen bitte vorher absprechen.<\/p>\n<figure id=\"attachment_30\" aria-describedby=\"caption-attachment-30\" style=\"width: 300px\" class=\"wp-caption alignright\"><img loading=\"lazy\" decoding=\"async\" class=\"size-medium wp-image-30\" src=\"https:\/\/kuenkler-malerei.de\/wp-content\/uploads\/2016\/04\/hoffnung_k-640x415-300x195.jpg\" alt=\"Hoffnung, leicht angeschlagen auf dem Nachhauseweg, morgen wiederkehrend 2013 50 cm x 70 cm Acryl auf Leinwand\" width=\"300\" height=\"195\" srcset=\"https:\/\/kuenkler-malerei.de\/wp-content\/uploads\/2016\/04\/hoffnung_k-640x415-300x195.jpg 300w, https:\/\/kuenkler-malerei.de\/wp-content\/uploads\/2016\/04\/hoffnung_k-640x415-308x200.jpg 308w, https:\/\/kuenkler-malerei.de\/wp-content\/uploads\/2016\/04\/hoffnung_k-640x415.jpg 640w\" sizes=\"auto, (max-width: 300px) 100vw, 300px\" \/><figcaption id=\"caption-attachment-30\" class=\"wp-caption-text\">Hoffnung, leicht angeschlagen auf dem Nachhauseweg, morgen wiederkehrend<br \/>2013<br \/>50 cm x 70 cm<br \/>Acryl auf Leinwand<\/figcaption><\/figure>\n<p>&nbsp;<\/p>\n<p>\u00dcber meine Bilder&#8230;<br \/>\n&#8230; soll hier gar nicht viel geschrieben werden. Seine eigene Kunst selbst zu erkl\u00e4ren, kann schnell so ungelenk und gedrechselt wirken, wie zur Architektur zu tanzen. Nur soviel: Mich interessiert das Rohe, Grobe, Unfertige und Mehrdeutige. &#8222;Im Zweifel f\u00fcr den Zweifel!&#8220; Und ich arbeite gerne mit lauten Farben und verakelten Fl\u00e4chen.<\/p>\n<p>&nbsp;<\/p>\n<p>\u00dcber meine Person<br \/>\nIch bin 1967 geboren und lebe im afrikanischen Viertel im Wedding.<\/p>\n<p><img loading=\"lazy\" decoding=\"async\" class=\"size-medium wp-image-263\" src=\"https:\/\/kuenkler-malerei.de\/wp-content\/uploads\/2016\/04\/portaet_hell-300x271.jpg\" alt=\"Title\" width=\"300\" height=\"271\" srcset=\"https:\/\/kuenkler-malerei.de\/wp-content\/uploads\/2016\/04\/portaet_hell-300x271.jpg 300w, https:\/\/kuenkler-malerei.de\/wp-content\/uploads\/2016\/04\/portaet_hell-222x200.jpg 222w, https:\/\/kuenkler-malerei.de\/wp-content\/uploads\/2016\/04\/portaet_hell-768x693.jpg 768w, https:\/\/kuenkler-malerei.de\/wp-content\/uploads\/2016\/04\/portaet_hell-800x722.jpg 800w, https:\/\/kuenkler-malerei.de\/wp-content\/uploads\/2016\/04\/portaet_hell-951x858.jpg 951w, https:\/\/kuenkler-malerei.de\/wp-content\/uploads\/2016\/04\/portaet_hell.jpg 1025w\" sizes=\"auto, (max-width: 300px) 100vw, 300px\" \/><\/p>\n<p>&nbsp;<\/p>\n<p>Bisherige Ausstellungen und &#8222;Auftritte&#8220;:<\/p>\n<div>&#8211; &#8222;Kraut und R\u00fcben&#8220;, weihnachtlicher Weddingmarkt, 17. Dezember 2017<\/div>\n<div>&#8211; &#8222;Laute Farben&#8220;, April bis Juni 2017, Cafe Behring, Treptow (Einzelausstellung)<\/div>\n<div>&#8211; &#8222;D\u00fcnne Haut&#8220;, 25. M\u00e4rz 2016, Projektraum Uhrwerk \/ Kolonie Wedding e.V. (Einzelausstellung)<\/div>\n<div>&#8211; &#8222;Stra\u00dfenkunst&#8220;, 28. August bis 25. September 2015, Kugelbahn \/ Kolonie Wedding e.V. (Gruppenausstellung)<\/div>\n<div>&#8211; &#8222;Farbe, Pinsel, Rakel&#8220;, 29. Januar bis Juni 2015, Cafe Behring, Treptow (Einzelausstellung mit wechselnden Bildern)<\/div>\n<div>&#8211; &#8222;Seelenbilder&#8220;, Sommer 2014, Oper-Air-Gallery Oberbaumbr\u00fccke (Einzelausstellung)<\/div>\n","protected":false},"excerpt":{"rendered":"<p>\u00dcber diese Seite Bei Ausstellungen wurde ich \u00f6fter mal gefragt, ob man meine Bilder auch im Netz sp\u00e4ter noch einmal in Ruhe anschauen kann. Das war der Ansto\u00df f\u00fcr diese Seite. Und ja, da die Bilder k\u00e4uflich sind, ist die Seite nat\u00fcrlich auch eine Werbe- und Verkaufsma\u00dfnahme. Die Fotos d\u00fcrfen f\u00fcr nicht kommerzielle Zwecke geklaut [&hellip;]<\/p>\n","protected":false},"author":1,"featured_media":0,"parent":0,"menu_order":0,"comment_status":"closed","ping_status":"closed","template":"","meta":{"footnotes":""},"class_list":["post-260","page","type-page","status-publish","hentry"],"_links":{"self":[{"href":"https:\/\/kuenkler-malerei.de\/index.php?rest_route=\/wp\/v2\/pages\/260","targetHints":{"allow":["GET"]}}],"collection":[{"href":"https:\/\/kuenkler-malerei.de\/index.php?rest_route=\/wp\/v2\/pages"}],"about":[{"href":"https:\/\/kuenkler-malerei.de\/index.php?rest_route=\/wp\/v2\/types\/page"}],"author":[{"embeddable":true,"href":"https:\/\/kuenkler-malerei.de\/index.php?rest_route=\/wp\/v2\/users\/1"}],"replies":[{"embeddable":true,"href":"https:\/\/kuenkler-malerei.de\/index.php?rest_route=%2Fwp%2Fv2%2Fcomments&post=260"}],"version-history":[{"count":14,"href":"https:\/\/kuenkler-malerei.de\/index.php?rest_route=\/wp\/v2\/pages\/260\/revisions"}],"predecessor-version":[{"id":370,"href":"https:\/\/kuenkler-malerei.de\/index.php?rest_route=\/wp\/v2\/pages\/260\/revisions\/370"}],"wp:attachment":[{"href":"https:\/\/kuenkler-malerei.de\/index.php?rest_route=%2Fwp%2Fv2%2Fmedia&parent=260"}],"curies":[{"name":"wp","href":"https:\/\/api.w.org\/{rel}","templated":true}]}}